{"id":28,"date":"2022-10-13T11:24:13","date_gmt":"2022-10-13T11:24:13","guid":{"rendered":"http:\/\/thomasmeckel.com\/blog\/?page_id=28"},"modified":"2022-11-21T22:15:45","modified_gmt":"2022-11-21T22:15:45","slug":"bio-2","status":"publish","type":"page","link":"http:\/\/thomasmeckel.com\/blog\/","title":{"rendered":"bio"},"content":{"rendered":"\n<p>Thomas Meckel makes music performances, workshops, sound designs and concert curations. He builds cinematic games for collective improvisation (<a href=\"http:\/\/thomasmeckel.com\/blog\/solaris\/\" data-type=\"URL\" data-id=\"http:\/\/thomasmeckel.com\/blog\/solaris\/\">Solaris<\/a>) and organizes cybernetic jam sessions for large groups (<a href=\"http:\/\/thomasmeckel.com\/blog\/se-cure\/\" data-type=\"URL\" data-id=\"http:\/\/thomasmeckel.com\/blog\/se-cure\/\">Se Cure<\/a>). This has led to performances at Ringlokschuppen in M\u00fclheim Ruhr, the Museum Ludwigs Filmforum in Cologne and the Conservatorio de M\u00fasica of the Universidad Nacional in Bogot\u00e1. Together with Tobias Thomas he curates the concert series <a href=\"http:\/\/thomasmeckel.com\/blog\/round\/\" data-type=\"URL\" data-id=\"http:\/\/thomasmeckel.com\/blog\/round\/\">Round<\/a> at the K\u00f6lner Philharmonie. Thomas Meckel studied media art at the Academy of Media Arts in Cologne, cultural studies in L\u00fcneburg and Applied Theater Studies in Gie\u00dfen.<\/p>\n\n\n\n<p>Link: <a rel=\"noreferrer noopener\" href=\"https:\/\/docs.google.com\/document\/d\/19uxU3I_Axjl1Ng9cr7CJZeu_Cpu91THKTHXyppkY1i0\/edit?usp=sharing\" target=\"_blank\">CV (deutsch)<\/a><\/p>\n\n\n\n<figure class=\"wp-block-image size-large\"><img loading=\"lazy\" decoding=\"async\" width=\"1024\" height=\"845\" src=\"http:\/\/thomasmeckel.com\/blog\/wp-content\/uploads\/2022\/11\/ThomasMeckel2022-small-c-SaioaFischerAbaigar-1024x845.jpg\" alt=\"\" class=\"wp-image-115\" srcset=\"http:\/\/thomasmeckel.com\/blog\/wp-content\/uploads\/2022\/11\/ThomasMeckel2022-small-c-SaioaFischerAbaigar-1024x845.jpg 1024w, http:\/\/thomasmeckel.com\/blog\/wp-content\/uploads\/2022\/11\/ThomasMeckel2022-small-c-SaioaFischerAbaigar-300x248.jpg 300w, http:\/\/thomasmeckel.com\/blog\/wp-content\/uploads\/2022\/11\/ThomasMeckel2022-small-c-SaioaFischerAbaigar-768x634.jpg 768w, http:\/\/thomasmeckel.com\/blog\/wp-content\/uploads\/2022\/11\/ThomasMeckel2022-small-c-SaioaFischerAbaigar-1536x1267.jpg 1536w, http:\/\/thomasmeckel.com\/blog\/wp-content\/uploads\/2022\/11\/ThomasMeckel2022-small-c-SaioaFischerAbaigar-1200x990.jpg 1200w, http:\/\/thomasmeckel.com\/blog\/wp-content\/uploads\/2022\/11\/ThomasMeckel2022-small-c-SaioaFischerAbaigar.jpg 2000w\" sizes=\"auto, (max-width: 709px) 85vw, (max-width: 909px) 67vw, (max-width: 1362px) 62vw, 840px\" \/><\/figure>\n","protected":false},"excerpt":{"rendered":"<p>Thomas Meckel makes music performances, workshops, sound designs and concert curations. He builds cinematic games for collective improvisation (Solaris) and organizes cybernetic jam sessions for large groups (Se Cure). This has led to performances at Ringlokschuppen in M\u00fclheim Ruhr, the Museum Ludwigs Filmforum in Cologne and the Conservatorio de M\u00fasica of the Universidad Nacional in &hellip; <a href=\"http:\/\/thomasmeckel.com\/blog\/\" class=\"more-link\">Continue reading<span class=\"screen-reader-text\"> &#8220;bio&#8221;<\/span><\/a><\/p>\n","protected":false},"author":1,"featured_media":0,"parent":0,"menu_order":0,"comment_status":"closed","ping_status":"closed","template":"","meta":{"footnotes":""},"class_list":["post-28","page","type-page","status-publish","hentry"],"_links":{"self":[{"href":"http:\/\/thomasmeckel.com\/blog\/wp-json\/wp\/v2\/pages\/28","targetHints":{"allow":["GET"]}}],"collection":[{"href":"http:\/\/thomasmeckel.com\/blog\/wp-json\/wp\/v2\/pages"}],"about":[{"href":"http:\/\/thomasmeckel.com\/blog\/wp-json\/wp\/v2\/types\/page"}],"author":[{"embeddable":true,"href":"http:\/\/thomasmeckel.com\/blog\/wp-json\/wp\/v2\/users\/1"}],"replies":[{"embeddable":true,"href":"http:\/\/thomasmeckel.com\/blog\/wp-json\/wp\/v2\/comments?post=28"}],"version-history":[{"count":7,"href":"http:\/\/thomasmeckel.com\/blog\/wp-json\/wp\/v2\/pages\/28\/revisions"}],"predecessor-version":[{"id":128,"href":"http:\/\/thomasmeckel.com\/blog\/wp-json\/wp\/v2\/pages\/28\/revisions\/128"}],"wp:attachment":[{"href":"http:\/\/thomasmeckel.com\/blog\/wp-json\/wp\/v2\/media?parent=28"}],"curies":[{"name":"wp","href":"https:\/\/api.w.org\/{rel}","templated":true}]}}