{"id":85,"date":"2022-11-21T19:59:41","date_gmt":"2022-11-21T19:59:41","guid":{"rendered":"http:\/\/thomasmeckel.com\/blog\/?page_id=85"},"modified":"2022-11-21T22:12:39","modified_gmt":"2022-11-21T22:12:39","slug":"round","status":"publish","type":"page","link":"http:\/\/thomasmeckel.com\/blog\/round\/","title":{"rendered":"Round"},"content":{"rendered":"\n<p>Konzertreihe f\u00fcr experimentelle Pop-Musik und szenische Experimente in der K\u00f6lner Philharmonie<\/p>\n\n\n\n<p>Das aktuelle Round-Programm auf der <a href=\"https:\/\/www.koelner-philharmonie.de\/de\/reihen\/round\/235\">Homepage der K\u00f6lner Philharmonie<\/a>.<\/p>\n\n\n\n<p>Round ist eine Konzertreihe f\u00fcr experimentellen Pop und&nbsp;elektronische Musik in der K\u00f6lner Philharmonie. Die&nbsp;musikalische Ausrichtung der Reihe ist betont offen und&nbsp;bewegt sich zwischen Elektronik, Avantgarde, Ambient,&nbsp;Sound Art und neuer Improvisationsmusik. Die Reihe l\u00e4dt&nbsp;einerseits junge Musiker*innen dazu ein, mit musikalischen&nbsp;und visuellen, performativen und szenischen Formen zu&nbsp;experimentieren und stellt andererseits etablierte Positionen&nbsp;aus dem Feld der modernen Pop- und elektronischen Musik&nbsp;vor.&nbsp;Kuratiert wird die Reihe von Tobias Thomas und Thomas&nbsp;Meckel in Zusammenarbeit mit K\u00f6lnMusik.<\/p>\n\n\n\n<p>mit\u00a0Midori Takada, Actress with live AI\/AV, Laurel Halo, Jan Jelinek, Ellen Arkbro, Eli Keszler, Nasssau &amp; Glossa, Bendik Giske, Richard Ojijo\/Marcel Odenbach, Kara-Lis Coverdale, Gudrun Gut u.v.a.<\/p>\n\n\n\n<figure class=\"wp-block-image size-full\"><img loading=\"lazy\" decoding=\"async\" width=\"860\" height=\"540\" src=\"http:\/\/thomasmeckel.com\/blog\/wp-content\/uploads\/2022\/11\/round_filmstill.jpg__860x540_q85_autocrop_crop-smart_cropper-series_detail-_subsampling-2.jpeg\" alt=\"\" class=\"wp-image-86\" srcset=\"http:\/\/thomasmeckel.com\/blog\/wp-content\/uploads\/2022\/11\/round_filmstill.jpg__860x540_q85_autocrop_crop-smart_cropper-series_detail-_subsampling-2.jpeg 860w, http:\/\/thomasmeckel.com\/blog\/wp-content\/uploads\/2022\/11\/round_filmstill.jpg__860x540_q85_autocrop_crop-smart_cropper-series_detail-_subsampling-2-300x188.jpeg 300w, http:\/\/thomasmeckel.com\/blog\/wp-content\/uploads\/2022\/11\/round_filmstill.jpg__860x540_q85_autocrop_crop-smart_cropper-series_detail-_subsampling-2-768x482.jpeg 768w\" sizes=\"auto, (max-width: 709px) 85vw, (max-width: 909px) 67vw, (max-width: 1362px) 62vw, 840px\" \/><\/figure>\n\n\n\n<figure class=\"wp-block-embed is-type-video is-provider-youtube wp-block-embed-youtube wp-embed-aspect-16-9 wp-has-aspect-ratio\"><div class=\"wp-block-embed__wrapper\">\n<iframe loading=\"lazy\" title=\"TRANSPORT live (at Cologne Philharmonic Hall)\" width=\"840\" height=\"473\" src=\"https:\/\/www.youtube.com\/embed\/QoUxToLEVjg?feature=oembed\" frameborder=\"0\" allow=\"accelerometer; autoplay; clipboard-write; encrypted-media; gyroscope; picture-in-picture\" allowfullscreen><\/iframe>\n<\/div><\/figure>\n\n\n<div class=\"wp-block-image\">\n<figure class=\"aligncenter size-full is-resized\"><img loading=\"lazy\" decoding=\"async\" src=\"http:\/\/thomasmeckel.com\/blog\/wp-content\/uploads\/2022\/11\/Round_Entwurf_4.png\" alt=\"\" class=\"wp-image-123\" width=\"118\" height=\"119\" srcset=\"http:\/\/thomasmeckel.com\/blog\/wp-content\/uploads\/2022\/11\/Round_Entwurf_4.png 612w, http:\/\/thomasmeckel.com\/blog\/wp-content\/uploads\/2022\/11\/Round_Entwurf_4-297x300.png 297w, http:\/\/thomasmeckel.com\/blog\/wp-content\/uploads\/2022\/11\/Round_Entwurf_4-150x150.png 150w\" sizes=\"auto, (max-width: 118px) 85vw, 118px\" \/><\/figure>\n<\/div>","protected":false},"excerpt":{"rendered":"<p>Konzertreihe f\u00fcr experimentelle Pop-Musik und szenische Experimente in der K\u00f6lner Philharmonie Das aktuelle Round-Programm auf der Homepage der K\u00f6lner Philharmonie. Round ist eine Konzertreihe f\u00fcr experimentellen Pop und&nbsp;elektronische Musik in der K\u00f6lner Philharmonie. Die&nbsp;musikalische Ausrichtung der Reihe ist betont offen und&nbsp;bewegt sich zwischen Elektronik, Avantgarde, Ambient,&nbsp;Sound Art und neuer Improvisationsmusik. Die Reihe l\u00e4dt&nbsp;einerseits junge Musiker*innen &hellip; <a href=\"http:\/\/thomasmeckel.com\/blog\/round\/\" class=\"more-link\">Continue reading<span class=\"screen-reader-text\"> &#8220;Round&#8221;<\/span><\/a><\/p>\n","protected":false},"author":1,"featured_media":0,"parent":0,"menu_order":0,"comment_status":"closed","ping_status":"closed","template":"","meta":{"footnotes":""},"class_list":["post-85","page","type-page","status-publish","hentry"],"_links":{"self":[{"href":"http:\/\/thomasmeckel.com\/blog\/wp-json\/wp\/v2\/pages\/85","targetHints":{"allow":["GET"]}}],"collection":[{"href":"http:\/\/thomasmeckel.com\/blog\/wp-json\/wp\/v2\/pages"}],"about":[{"href":"http:\/\/thomasmeckel.com\/blog\/wp-json\/wp\/v2\/types\/page"}],"author":[{"embeddable":true,"href":"http:\/\/thomasmeckel.com\/blog\/wp-json\/wp\/v2\/users\/1"}],"replies":[{"embeddable":true,"href":"http:\/\/thomasmeckel.com\/blog\/wp-json\/wp\/v2\/comments?post=85"}],"version-history":[{"count":7,"href":"http:\/\/thomasmeckel.com\/blog\/wp-json\/wp\/v2\/pages\/85\/revisions"}],"predecessor-version":[{"id":127,"href":"http:\/\/thomasmeckel.com\/blog\/wp-json\/wp\/v2\/pages\/85\/revisions\/127"}],"wp:attachment":[{"href":"http:\/\/thomasmeckel.com\/blog\/wp-json\/wp\/v2\/media?parent=85"}],"curies":[{"name":"wp","href":"https:\/\/api.w.org\/{rel}","templated":true}]}}