{"id":89,"date":"2022-11-21T20:17:09","date_gmt":"2022-11-21T20:17:09","guid":{"rendered":"http:\/\/thomasmeckel.com\/blog\/?page_id=89"},"modified":"2022-11-21T20:26:02","modified_gmt":"2022-11-21T20:26:02","slug":"se-cure","status":"publish","type":"page","link":"http:\/\/thomasmeckel.com\/blog\/se-cure\/","title":{"rendered":"Se Cure"},"content":{"rendered":"\n<p>Se Cure versammelt Improvisierende aus Pop-, Rave-, Jazz-, Kunstmusik- und Theater-Kontexten zu kollektiven Improvisationen in kybernetischen Environments.<\/p>\n\n\n\n<p>Oktober 2019<br><strong>SE CURE \u2013 LA CURA 4<\/strong><br><em>Performance mit 24 kolumbianischen Musiker*innen und Performer*innen zwischen 10 und 60 Jahren im Konservatorium der Universidad Naci\u00f3nal de Bogota<\/em><\/p>\n\n\n\n<figure class=\"wp-block-embed is-type-video is-provider-youtube wp-block-embed-youtube wp-embed-aspect-16-9 wp-has-aspect-ratio\"><div class=\"wp-block-embed__wrapper\">\n<iframe loading=\"lazy\" title=\"Se Cure - La Cura IV\" width=\"840\" height=\"473\" src=\"https:\/\/www.youtube.com\/embed\/MW1UCB3jIz4?start=184&#038;feature=oembed\" frameborder=\"0\" allow=\"accelerometer; autoplay; clipboard-write; encrypted-media; gyroscope; picture-in-picture\" allowfullscreen><\/iframe>\n<\/div><\/figure>\n\n\n\n<p><\/p>\n\n\n\n<p>Juli 2019<br><strong>SE CURE 3<\/strong><br>Improvisations-basiertes Musiktheater f\u00fcr 12 Musiker*innen, Sprecher, Algorithmus, 20 LED Lampen und viel Nebel<br>Auff\u00fchrung in der Niehler Freiheit, K\u00f6ln mit\u00a0Annie Bloch, Akiko Ahrendt, Christopher Krause, Denis Dycks, Emily Wittbrodt, Elisa K\u00fchnl, Fabian Dudek, Hanna Sch\u00f6rken, Janning Trumann, Jiyun Park, Joel Jaffe, Nicolas Berge, Nils Herzogenrath, Moritz Wesp, My Anh Chi Trinh, Paul Trachtenberg, Simon Waskow, Wolfgang P\u00e9rez<\/p>\n\n\n\n<figure class=\"wp-block-image size-full\"><img loading=\"lazy\" decoding=\"async\" width=\"943\" height=\"631\" src=\"http:\/\/thomasmeckel.com\/blog\/wp-content\/uploads\/2022\/11\/secure3.png\" alt=\"\" class=\"wp-image-90\" srcset=\"http:\/\/thomasmeckel.com\/blog\/wp-content\/uploads\/2022\/11\/secure3.png 943w, http:\/\/thomasmeckel.com\/blog\/wp-content\/uploads\/2022\/11\/secure3-300x201.png 300w, http:\/\/thomasmeckel.com\/blog\/wp-content\/uploads\/2022\/11\/secure3-768x514.png 768w\" sizes=\"auto, (max-width: 709px) 85vw, (max-width: 909px) 67vw, (max-width: 1362px) 62vw, 840px\" \/><figcaption class=\"wp-element-caption\">(Foto: <a href=\"http:\/\/www.gossing-sieckmann.com\" data-type=\"URL\" data-id=\"http:\/\/www.gossing-sieckmann.com\">Lina Sieckmann &amp; Miriam Gossing<\/a>)<\/figcaption><\/figure>\n\n\n\n<p><br>Dezember 2018 bis Mai 2019 <br><strong>SE CURE &#8211; RADIO WORKS<\/strong><br>Regelm\u00e4\u00dfige Workshops und Studiosession mit Algorithmus und Sprecher<\/p>\n\n\n\n<figure class=\"wp-block-embed is-type-video is-provider-youtube wp-block-embed-youtube wp-embed-aspect-16-9 wp-has-aspect-ratio\"><div class=\"wp-block-embed__wrapper\">\n<iframe loading=\"lazy\" title=\"SE CURE - Coppa3000\" width=\"840\" height=\"473\" src=\"https:\/\/www.youtube.com\/embed\/3UH47hbQMpo?feature=oembed\" frameborder=\"0\" allow=\"accelerometer; autoplay; clipboard-write; encrypted-media; gyroscope; picture-in-picture\" allowfullscreen><\/iframe>\n<\/div><\/figure>\n\n\n\n<p><\/p>\n\n\n\n<p>August 2017<br><strong>SE CURE 2<\/strong><br>Performance mit 30 improvisierenden Musiker*innen in der K\u00f6lner Christuskirche im Rahmen des c\/o pop Festivals mit Melody Awuah, Nicolas Berge, Oliver Bersing, Tom D\u00f6nges, Friedemann Dupelius, Nils Herzogenrath, Marvin Horsch, Stefan Kirchhoff, Eva K\u00f6nigshofen, Moritz Leppers, Danila Lipatov, Christian Lehmann, Sebastian von der Heide, Max Mauro Schmid, Andreas Niegl, Jiyun Park, Navid Razavi, Niklas Rehme Schl\u00fcter, Thomas Meckel, John Nicholls, Stephan Renzl, Paris Rj, Steffi R\u00f6ttger, Maribel Medina Rodriguez, Hye Young Sin, Sophia Spies, Nikolai Szymanski, Paul Trachtenberg d.\u00c4., My Anh Chi Trinh, Lilian Villalba, Niklas Wandt, Simon Waskow, Hanitra Wagner, Pitt Wenninger, Karen Zimmermann<\/p>\n\n\n\n<figure class=\"wp-block-embed is-type-video is-provider-vimeo wp-block-embed-vimeo wp-embed-aspect-16-9 wp-has-aspect-ratio\"><div class=\"wp-block-embed__wrapper\">\n<iframe loading=\"lazy\" title=\"Se Cure - Die Heilung 2 (Ausschnitt)\" src=\"https:\/\/player.vimeo.com\/video\/253293357?h=64618ac84c&amp;dnt=1&amp;app_id=122963\" width=\"840\" height=\"473\" frameborder=\"0\" allow=\"autoplay; fullscreen; picture-in-picture\" allowfullscreen><\/iframe>\n<\/div><\/figure>\n\n\n\n<figure class=\"wp-block-image size-full\"><img loading=\"lazy\" decoding=\"async\" width=\"979\" height=\"275\" src=\"http:\/\/thomasmeckel.com\/blog\/wp-content\/uploads\/2022\/11\/secure2b.png\" alt=\"\" class=\"wp-image-91\" srcset=\"http:\/\/thomasmeckel.com\/blog\/wp-content\/uploads\/2022\/11\/secure2b.png 979w, http:\/\/thomasmeckel.com\/blog\/wp-content\/uploads\/2022\/11\/secure2b-300x84.png 300w, http:\/\/thomasmeckel.com\/blog\/wp-content\/uploads\/2022\/11\/secure2b-768x216.png 768w\" sizes=\"auto, (max-width: 709px) 85vw, (max-width: 909px) 67vw, (max-width: 1362px) 62vw, 840px\" \/><\/figure>\n\n\n\n<p><\/p>\n\n\n\n<p><br>Dezember 2016<br><strong>SE CURE 1<\/strong><br><em>Performance f\u00fcr zwei Lichtzust\u00e4nde und 20 professionelle und nicht-professionelle Musiker*innen in einem K\u00f6lner Privatclub<\/em><\/p>\n\n\n\n<figure class=\"wp-block-embed is-type-video is-provider-youtube wp-block-embed-youtube wp-embed-aspect-16-9 wp-has-aspect-ratio\"><div class=\"wp-block-embed__wrapper\">\n<iframe loading=\"lazy\" title=\"\u0938\u0941\u0930\u0915\u094d\u0937\u093e - \u0907\u0932\u093e\u091c\" width=\"840\" height=\"473\" src=\"https:\/\/www.youtube.com\/embed\/n9aFeNxvUrE?start=119&#038;feature=oembed\" frameborder=\"0\" allow=\"accelerometer; autoplay; clipboard-write; encrypted-media; gyroscope; picture-in-picture\" allowfullscreen><\/iframe>\n<\/div><\/figure>\n","protected":false},"excerpt":{"rendered":"<p>Se Cure versammelt Improvisierende aus Pop-, Rave-, Jazz-, Kunstmusik- und Theater-Kontexten zu kollektiven Improvisationen in kybernetischen Environments. Oktober 2019SE CURE \u2013 LA CURA 4Performance mit 24 kolumbianischen Musiker*innen und Performer*innen zwischen 10 und 60 Jahren im Konservatorium der Universidad Naci\u00f3nal de Bogota Juli 2019SE CURE 3Improvisations-basiertes Musiktheater f\u00fcr 12 Musiker*innen, Sprecher, Algorithmus, 20 LED Lampen &hellip; <a href=\"http:\/\/thomasmeckel.com\/blog\/se-cure\/\" class=\"more-link\">Continue reading<span class=\"screen-reader-text\"> &#8220;Se Cure&#8221;<\/span><\/a><\/p>\n","protected":false},"author":1,"featured_media":0,"parent":0,"menu_order":0,"comment_status":"closed","ping_status":"closed","template":"","meta":{"footnotes":""},"class_list":["post-89","page","type-page","status-publish","hentry"],"_links":{"self":[{"href":"http:\/\/thomasmeckel.com\/blog\/wp-json\/wp\/v2\/pages\/89","targetHints":{"allow":["GET"]}}],"collection":[{"href":"http:\/\/thomasmeckel.com\/blog\/wp-json\/wp\/v2\/pages"}],"about":[{"href":"http:\/\/thomasmeckel.com\/blog\/wp-json\/wp\/v2\/types\/page"}],"author":[{"embeddable":true,"href":"http:\/\/thomasmeckel.com\/blog\/wp-json\/wp\/v2\/users\/1"}],"replies":[{"embeddable":true,"href":"http:\/\/thomasmeckel.com\/blog\/wp-json\/wp\/v2\/comments?post=89"}],"version-history":[{"count":3,"href":"http:\/\/thomasmeckel.com\/blog\/wp-json\/wp\/v2\/pages\/89\/revisions"}],"predecessor-version":[{"id":94,"href":"http:\/\/thomasmeckel.com\/blog\/wp-json\/wp\/v2\/pages\/89\/revisions\/94"}],"wp:attachment":[{"href":"http:\/\/thomasmeckel.com\/blog\/wp-json\/wp\/v2\/media?parent=89"}],"curies":[{"name":"wp","href":"https:\/\/api.w.org\/{rel}","templated":true}]}}